{"id":495,"date":"2021-08-28T00:51:24","date_gmt":"2021-08-28T00:51:24","guid":{"rendered":"http:\/\/kingsvibe.com.br\/site\/?post_type=product&#038;p=495"},"modified":"2024-08-19T07:04:08","modified_gmt":"2024-08-19T07:04:08","slug":"babylook-meu-partido-e-o-brasil-com-bandeira","status":"publish","type":"product","link":"http:\/\/kingsvibe.com.br\/site\/produto\/babylook-meu-partido-e-o-brasil-com-bandeira\/","title":{"rendered":"Babylook Meu Partido \u00e9 o Brasil com bandeira"},"content":{"rendered":"<p>Babylook branca Meu Partido \u00e9 o Brasil com bandeira<\/p>\n<p>Camiseta 100% algod\u00e3o fio 30;1 penteado impress\u00e3o com tecnologia digital DTG<\/p>\n<ul>\n<li>Pode haver varia\u00e7\u00e3o de at\u00e9 2cm<\/li>\n<\/ul>\n","protected":false},"excerpt":{"rendered":"<p>Camiseta 100% algod\u00e3o fio 30;1 penteado impress\u00e3o com tecnologia digital DTG<\/p>\n<ul>\n<li>Pode haver varia\u00e7\u00e3o de at\u00e9 2cm<\/li>\n<\/ul>\n","protected":false},"featured_media":405,"comment_status":"open","ping_status":"closed","template":"","meta":[],"product_cat":[22,31,20],"product_tag":[],"_links":{"self":[{"href":"http:\/\/kingsvibe.com.br\/site\/wp-json\/wp\/v2\/product\/495"}],"collection":[{"href":"http:\/\/kingsvibe.com.br\/site\/wp-json\/wp\/v2\/product"}],"about":[{"href":"http:\/\/kingsvibe.com.br\/site\/wp-json\/wp\/v2\/types\/product"}],"replies":[{"embeddable":true,"href":"http:\/\/kingsvibe.com.br\/site\/wp-json\/wp\/v2\/comments?post=495"}],"wp:featuredmedia":[{"embeddable":true,"href":"http:\/\/kingsvibe.com.br\/site\/wp-json\/wp\/v2\/media\/405"}],"wp:attachment":[{"href":"http:\/\/kingsvibe.com.br\/site\/wp-json\/wp\/v2\/media?parent=495"}],"wp:term":[{"taxonomy":"product_cat","embeddable":true,"href":"http:\/\/kingsvibe.com.br\/site\/wp-json\/wp\/v2\/product_cat?post=495"},{"taxonomy":"product_tag","embeddable":true,"href":"http:\/\/kingsvibe.com.br\/site\/wp-json\/wp\/v2\/product_tag?post=495"}],"curies":[{"name":"wp","href":"https:\/\/api.w.org\/{rel}","templated":true}]}}