{"id":468,"date":"2021-08-27T14:52:51","date_gmt":"2021-08-27T14:52:51","guid":{"rendered":"http:\/\/kingsvibe.com.br\/site\/?post_type=product&#038;p=468"},"modified":"2023-04-06T12:13:54","modified_gmt":"2023-04-06T12:13:54","slug":"babylook-branca-brasil-acima-de-tudo-deus-acima-de-todos","status":"publish","type":"product","link":"http:\/\/kingsvibe.com.br\/site\/produto\/babylook-branca-brasil-acima-de-tudo-deus-acima-de-todos\/","title":{"rendered":"Babylook branca Brasil acima de tudo, Deus acima de todos"},"content":{"rendered":"<p>Babylook branca Brasil acima de tudo, Deus acima de todos<\/p>\n<p>Camiseta branca 100% algod\u00e3o fio 30;1 penteado impress\u00e3o com tecnologia digital DTG<\/p>\n<ul>\n<li>Pode haver varia\u00e7\u00e3o de at\u00e9 2cm<\/li>\n<\/ul>\n","protected":false},"excerpt":{"rendered":"<p>Camiseta branca 100% algod\u00e3o fio 30;1 penteado impress\u00e3o com tecnologia digital DTG<\/p>\n<ul>\n<li>Pode haver varia\u00e7\u00e3o de at\u00e9 2cm<\/li>\n<\/ul>\n","protected":false},"featured_media":401,"comment_status":"open","ping_status":"closed","template":"","meta":[],"product_cat":[22,31,20],"product_tag":[],"_links":{"self":[{"href":"http:\/\/kingsvibe.com.br\/site\/wp-json\/wp\/v2\/product\/468"}],"collection":[{"href":"http:\/\/kingsvibe.com.br\/site\/wp-json\/wp\/v2\/product"}],"about":[{"href":"http:\/\/kingsvibe.com.br\/site\/wp-json\/wp\/v2\/types\/product"}],"replies":[{"embeddable":true,"href":"http:\/\/kingsvibe.com.br\/site\/wp-json\/wp\/v2\/comments?post=468"}],"wp:featuredmedia":[{"embeddable":true,"href":"http:\/\/kingsvibe.com.br\/site\/wp-json\/wp\/v2\/media\/401"}],"wp:attachment":[{"href":"http:\/\/kingsvibe.com.br\/site\/wp-json\/wp\/v2\/media?parent=468"}],"wp:term":[{"taxonomy":"product_cat","embeddable":true,"href":"http:\/\/kingsvibe.com.br\/site\/wp-json\/wp\/v2\/product_cat?post=468"},{"taxonomy":"product_tag","embeddable":true,"href":"http:\/\/kingsvibe.com.br\/site\/wp-json\/wp\/v2\/product_tag?post=468"}],"curies":[{"name":"wp","href":"https:\/\/api.w.org\/{rel}","templated":true}]}}