{"id":453,"date":"2021-08-27T14:05:22","date_gmt":"2021-08-27T14:05:22","guid":{"rendered":"http:\/\/kingsvibe.com.br\/site\/?post_type=product&#038;p=453"},"modified":"2023-04-04T14:17:18","modified_gmt":"2023-04-04T14:17:18","slug":"babylook-branca-patria-amada-brasil-com-bandeira","status":"publish","type":"product","link":"http:\/\/kingsvibe.com.br\/site\/produto\/babylook-branca-patria-amada-brasil-com-bandeira\/","title":{"rendered":"Babylook branca P\u00e1tria amada Brasil com bandeira"},"content":{"rendered":"<p>P\u00e1tria amada Brasil com bandeira<br \/>\nCamiseta 100% algod\u00e3o fio 30;1 penteado impress\u00e3o com tecnologia digital DTG<\/p>\n<ul>\n<li>Pode haver varia\u00e7\u00e3o de at\u00e9 2cm<\/li>\n<\/ul>\n","protected":false},"excerpt":{"rendered":"<p>Camiseta 100% algod\u00e3o fio 30;1 penteado impress\u00e3o com tecnologia digital DTG<\/p>\n<ul>\n<li>Pode haver varia\u00e7\u00e3o de at\u00e9 2cm<\/li>\n<\/ul>\n","protected":false},"featured_media":445,"comment_status":"open","ping_status":"closed","template":"","meta":[],"product_cat":[22,31,20],"product_tag":[],"_links":{"self":[{"href":"http:\/\/kingsvibe.com.br\/site\/wp-json\/wp\/v2\/product\/453"}],"collection":[{"href":"http:\/\/kingsvibe.com.br\/site\/wp-json\/wp\/v2\/product"}],"about":[{"href":"http:\/\/kingsvibe.com.br\/site\/wp-json\/wp\/v2\/types\/product"}],"replies":[{"embeddable":true,"href":"http:\/\/kingsvibe.com.br\/site\/wp-json\/wp\/v2\/comments?post=453"}],"wp:featuredmedia":[{"embeddable":true,"href":"http:\/\/kingsvibe.com.br\/site\/wp-json\/wp\/v2\/media\/445"}],"wp:attachment":[{"href":"http:\/\/kingsvibe.com.br\/site\/wp-json\/wp\/v2\/media?parent=453"}],"wp:term":[{"taxonomy":"product_cat","embeddable":true,"href":"http:\/\/kingsvibe.com.br\/site\/wp-json\/wp\/v2\/product_cat?post=453"},{"taxonomy":"product_tag","embeddable":true,"href":"http:\/\/kingsvibe.com.br\/site\/wp-json\/wp\/v2\/product_tag?post=453"}],"curies":[{"name":"wp","href":"https:\/\/api.w.org\/{rel}","templated":true}]}}