{"id":440,"date":"2021-08-27T01:40:00","date_gmt":"2021-08-27T01:40:00","guid":{"rendered":"http:\/\/kingsvibe.com.br\/site\/?post_type=product&#038;p=440"},"modified":"2023-04-06T05:27:04","modified_gmt":"2023-04-06T05:27:04","slug":"brasil-acima-de-tudo-deus-acima-de-todos","status":"publish","type":"product","link":"http:\/\/kingsvibe.com.br\/site\/produto\/brasil-acima-de-tudo-deus-acima-de-todos\/","title":{"rendered":"Brasil acima de tudo, Deus acima de todos Tradicional Branca"},"content":{"rendered":"<p>Brasil acima de tudo, Deus acima de todos<\/p>\n<p>Camiseta branca 100% algod\u00e3o fio 30;1 penteado impress\u00e3o com tecnologia digital DTG<\/p>\n<ul>\n<li>Pode haver varia\u00e7\u00e3o de at\u00e9 2cm<\/li>\n<\/ul>\n","protected":false},"excerpt":{"rendered":"<p>Camiseta branca 100% algod\u00e3o fio 30;1 penteado impress\u00e3o com tecnologia digital DTG<\/p>\n<ul>\n<li>Pode haver varia\u00e7\u00e3o de at\u00e9 2cm<\/li>\n<\/ul>\n","protected":false},"featured_media":402,"comment_status":"open","ping_status":"closed","template":"","meta":[],"product_cat":[22,21,20],"product_tag":[],"_links":{"self":[{"href":"http:\/\/kingsvibe.com.br\/site\/wp-json\/wp\/v2\/product\/440"}],"collection":[{"href":"http:\/\/kingsvibe.com.br\/site\/wp-json\/wp\/v2\/product"}],"about":[{"href":"http:\/\/kingsvibe.com.br\/site\/wp-json\/wp\/v2\/types\/product"}],"replies":[{"embeddable":true,"href":"http:\/\/kingsvibe.com.br\/site\/wp-json\/wp\/v2\/comments?post=440"}],"wp:featuredmedia":[{"embeddable":true,"href":"http:\/\/kingsvibe.com.br\/site\/wp-json\/wp\/v2\/media\/402"}],"wp:attachment":[{"href":"http:\/\/kingsvibe.com.br\/site\/wp-json\/wp\/v2\/media?parent=440"}],"wp:term":[{"taxonomy":"product_cat","embeddable":true,"href":"http:\/\/kingsvibe.com.br\/site\/wp-json\/wp\/v2\/product_cat?post=440"},{"taxonomy":"product_tag","embeddable":true,"href":"http:\/\/kingsvibe.com.br\/site\/wp-json\/wp\/v2\/product_tag?post=440"}],"curies":[{"name":"wp","href":"https:\/\/api.w.org\/{rel}","templated":true}]}}