{"id":432,"date":"2021-08-27T01:14:34","date_gmt":"2021-08-27T01:14:34","guid":{"rendered":"http:\/\/kingsvibe.com.br\/site\/?post_type=product&#038;p=432"},"modified":"2021-08-27T01:25:18","modified_gmt":"2021-08-27T01:25:18","slug":"veras-que-um-filho-teu-nao-foge-a-luta-babylook-branca","status":"publish","type":"product","link":"http:\/\/kingsvibe.com.br\/site\/produto\/veras-que-um-filho-teu-nao-foge-a-luta-babylook-branca\/","title":{"rendered":"Ver\u00e1s que um filho teu n\u00e3o foge a luta Babylook Branca"},"content":{"rendered":"<p>Ver\u00e1s que um filho teu n\u00e3o foge a luta Babylook XG<\/p>\n<p>Camiseta 100% algod\u00e3o fio 30;1 penteado impress\u00e3o com tecnologia digital DTG<\/p>\n<ul>\n<li>Pode haver varia\u00e7\u00e3o de at\u00e9 2cm<\/li>\n<\/ul>\n","protected":false},"excerpt":{"rendered":"<p>Ver\u00e1s que um filho teu n\u00e3o foge a luta Babylook XG<\/p>\n<p>Camiseta 100% algod\u00e3o fio 30;1 penteado impress\u00e3o com tecnologia digital DTG<\/p>\n<ul>\n<li>Pode haver varia\u00e7\u00e3o de at\u00e9 2cm<\/li>\n<\/ul>\n","protected":false},"featured_media":410,"comment_status":"open","ping_status":"closed","template":"","meta":[],"product_cat":[22,31,20],"product_tag":[],"_links":{"self":[{"href":"http:\/\/kingsvibe.com.br\/site\/wp-json\/wp\/v2\/product\/432"}],"collection":[{"href":"http:\/\/kingsvibe.com.br\/site\/wp-json\/wp\/v2\/product"}],"about":[{"href":"http:\/\/kingsvibe.com.br\/site\/wp-json\/wp\/v2\/types\/product"}],"replies":[{"embeddable":true,"href":"http:\/\/kingsvibe.com.br\/site\/wp-json\/wp\/v2\/comments?post=432"}],"wp:featuredmedia":[{"embeddable":true,"href":"http:\/\/kingsvibe.com.br\/site\/wp-json\/wp\/v2\/media\/410"}],"wp:attachment":[{"href":"http:\/\/kingsvibe.com.br\/site\/wp-json\/wp\/v2\/media?parent=432"}],"wp:term":[{"taxonomy":"product_cat","embeddable":true,"href":"http:\/\/kingsvibe.com.br\/site\/wp-json\/wp\/v2\/product_cat?post=432"},{"taxonomy":"product_tag","embeddable":true,"href":"http:\/\/kingsvibe.com.br\/site\/wp-json\/wp\/v2\/product_tag?post=432"}],"curies":[{"name":"wp","href":"https:\/\/api.w.org\/{rel}","templated":true}]}}