{"id":43,"date":"2016-11-13T04:36:39","date_gmt":"2016-11-13T04:36:39","guid":{"rendered":"http:\/\/kingsvibe.com.br\/site\/?page_id=43"},"modified":"2021-09-21T17:09:26","modified_gmt":"2021-09-21T17:09:26","slug":"a-kings-vibe","status":"publish","type":"page","link":"http:\/\/kingsvibe.com.br\/site\/","title":{"rendered":"A King&#8217;s Vibe"},"content":{"rendered":"<p><div class=\"et_pb_section et_section_regular\">\r\n\t\t\t\r\n\t\t\t\r\n\t\t\t\t\r\n\t\t\t\t<div class=\"et_pb_row\">\r\n\t\t\t<div class=\"et_pb_column et_pb_column_4_4\">\r\n\t\t\t<div class=\"et_pb_text et_pb_bg_layout_light et_pb_text_align_left\">\r\n\t\t\t\n<div><\/div>\n\r\n\t\t<\/div> <!-- .et_pb_text -->\r\n\t\t<\/div> <!-- .et_pb_column -->\r\n\t\t<\/div> <!-- .et_pb_row --><div class=\"et_pb_row\">\r\n\t\t\t<div class=\"et_pb_column et_pb_column_2_3\">\r\n\t\t\t<div class=\"et_pb_text et_pb_bg_layout_light et_pb_text_align_left\">\r\n\t\t\t\n<div class=\"std\">\n<h1>Bem vindo King&#8217;s Vibe<\/h1>\n<\/div>\n<div class=\"col3-set\">\n<div class=\"col-1\">\n<blockquote><p>Com a KingsVibe Serigrafia digital em tecidos criar uniformes para sua empresa, material impresso em tecido para seu evento (camisetas, toalhas de mesa, guardanapos entre outros), presentear algu\u00e9m &nbsp;ou ter sua pe\u00e7a exclusiva com a mais alta qualidade tornou-se muito f\u00e1cil, pr\u00e1tico e r\u00e1pida.<\/p>\n<p><em>direct to garment<\/em> (DTG) ou Serigrafia Digital<\/p><\/blockquote>\n<\/div>\n<\/div>\n\r\n\t\t<\/div> <!-- .et_pb_text -->\r\n\t\t<\/div> <!-- .et_pb_column --><div class=\"et_pb_column et_pb_column_1_3\">\r\n\t\t\t<img src=\"http:\/\/kingsvibe.com.br\/site\/wp-content\/uploads\/2016\/11\/Kingsvibe-logo.png\" alt=\"\" class=\"et-waypoint et_pb_image et_pb_animation_left\" \/>\r\n\t\t<\/div> <!-- .et_pb_column -->\r\n\t\t<\/div> <!-- .et_pb_row -->\r\n\t\t\t\r\n\t\t<\/div> <!-- .et_pb_section --><div class=\"et_pb_section et_section_regular\" style='background-color:#a8a8a8;background-image:url(http:\/\/kingsvibe.com.br\/site\/wp-content\/uploads\/2016\/11\/BARRAPAREDE-1.jpg);'>\r\n\t\t\t\r\n\t\t\t\r\n\t\t\t\t\r\n\t\t\t\t<div class=\"et_pb_row\">\r\n\t\t\t<div class=\"et_pb_column et_pb_column_1_3\">\r\n\t\t\t<div class=\"et_pb_promo et_pb_bg_layout_dark et_pb_text_align_center\" style=\"background-color: #000000;\">\r\n\t\t\t<div class=\"et_pb_promo_description\">\r\n\t\t\t\t<h2>Veja alguns Clientes King&#039;s Vibe<\/h2>\r\n\t\t\t\t\n<p><a href=\"http:\/\/kingsvibe.com.br\/site\/?page_id=112\">Veja alguns Clientes King&#8217;s Vibe &gt;&gt;<\/a><\/p>\n\r\n\t\t\t<\/div>\r\n\t\t\t\r\n\t\t<\/div>\r\n\t\t<\/div> <!-- .et_pb_column --><div class=\"et_pb_column et_pb_column_1_3\">\r\n\t\t\t<div class=\"et_pb_promo et_pb_bg_layout_dark et_pb_text_align_center\" style=\"background-color: #000000;\">\r\n\t\t\t<div class=\"et_pb_promo_description\">\r\n\t\t\t\t<h2>Sugest\u00f5es de estampas<\/h2>\r\n\t\t\t\t\n<p><a href=\"http:\/\/kingsvibe.com.br\/site\/?page_id=177\">Veja sugest\u00f5es de estampas &gt;&gt;<\/a><\/p>\n\r\n\t\t\t<\/div>\r\n\t\t\t\r\n\t\t<\/div>\r\n\t\t<\/div> <!-- .et_pb_column --><div class=\"et_pb_column et_pb_column_1_3\">\r\n\t\t\t<div class=\"et_pb_promo et_pb_bg_layout_dark et_pb_text_align_center\" style=\"background-color: #000000;\">\r\n\t\t\t<div class=\"et_pb_promo_description\">\r\n\t\t\t\t<h2>Saiba como \u00e9 f\u00e1cil personalizar<\/h2>\r\n\t\t\t\t\n<p><a href=\"http:\/\/kingsvibe.com.br\/site\/?page_id=226\">Saiba como personalizar &gt;&gt;<\/a><\/p>\n\r\n\t\t\t<\/div>\r\n\t\t\t\r\n\t\t<\/div>\r\n\t\t<\/div> <!-- .et_pb_column -->\r\n\t\t<\/div> <!-- .et_pb_row -->\r\n\t\t\t\r\n\t\t<\/div> <!-- .et_pb_section --><div class=\"et_pb_section et_section_regular\">\r\n\t\t\t\r\n\t\t\t\r\n\t\t\t\t\r\n\t\t\t\t<div class=\"et_pb_row\">\r\n\t\t\t<div class=\"et_pb_column et_pb_column_1_3\">\r\n\t\t\t<img src=\"http:\/\/kingsvibe.com.br\/site\/wp-content\/uploads\/2016\/11\/semlimitecores.jpg\" alt=\"\" class=\"et-waypoint et_pb_image et_pb_animation_left et_pb_image_sticky\" \/><div class=\"et_pb_text et_pb_bg_layout_light et_pb_text_align_left\">\r\n\t\t\t\n<p><strong>Qualidade impressionante:<\/strong><\/p>\n<blockquote><p>A qualidade de impress\u00e3o e riquezade detalhes promovidos pela serigrafia digital \u00e9 realmente impressionante, com resolu\u00e7\u00e3o que pode chegar a 1440x1440dpi com cores vivas, tintas certificadas internacionalmente e n\u00e3o t\u00f3xicas.<\/p><\/blockquote>\n\r\n\t\t<\/div> <!-- .et_pb_text -->\r\n\t\t<\/div> <!-- .et_pb_column --><div class=\"et_pb_column et_pb_column_1_3\">\r\n\t\t\t<img src=\"http:\/\/kingsvibe.com.br\/site\/wp-content\/uploads\/2016\/11\/prontoemminutos.jpg\" alt=\"\" class=\"et-waypoint et_pb_image et_pb_animation_left et_pb_image_sticky\" \/><div class=\"et_pb_text et_pb_bg_layout_light et_pb_text_align_left\">\r\n\t\t\t\n<p><strong>Pronto em minutos<\/strong><\/p>\n<blockquote><p>A impress\u00e3o com total liberdade de cores em serigrafia deixou de ser um pesadelo com prazos estendidos e duvidas na qualidade e prazo. Uma pe\u00e7a fica pronta para usar e vestir em poucos minutos.<\/p><\/blockquote>\n\r\n\t\t<\/div> <!-- .et_pb_text -->\r\n\t\t<\/div> <!-- .et_pb_column --><div class=\"et_pb_column et_pb_column_1_3\">\r\n\t\t\t<img src=\"http:\/\/kingsvibe.com.br\/site\/wp-content\/uploads\/2016\/11\/pecaunica.jpg\" alt=\"\" class=\"et-waypoint et_pb_image et_pb_animation_left et_pb_image_sticky\" \/><div class=\"et_pb_text et_pb_bg_layout_light et_pb_text_align_left\">\r\n\t\t\t\n<p><strong>Pe\u00e7a \u00danica totalmente personalizada<\/strong><\/p>\n<blockquote><p>Precisa de uma \u00fanica pe\u00e7a com a qualidade da serigrafia e sem limite de cores?<br \/>\nN\u00f3s fazemos pra voc\u00ea com pre\u00e7o justo e a mais alta qualidade de impressos europeu e norte americano.<\/p><\/blockquote>\n\r\n\t\t<\/div> <!-- .et_pb_text -->\r\n\t\t<\/div> <!-- .et_pb_column -->\r\n\t\t<\/div> <!-- .et_pb_row --><div class=\"et_pb_row\">\r\n\t\t\t<div class=\"et_pb_column et_pb_column_1_4\">\r\n\t\t\t<img src=\"http:\/\/kingsvibe.com.br\/site\/wp-content\/uploads\/2016\/11\/variostecidos2.jpg\" alt=\"\" class=\"et-waypoint et_pb_image et_pb_animation_fade_in\" \/>\r\n\t\t<\/div> <!-- .et_pb_column --><div class=\"et_pb_column et_pb_column_3_4\">\r\n\t\t\t<div class=\"et_pb_text et_pb_bg_layout_light et_pb_text_align_left\">\r\n\t\t\t\n<p><strong>Impressos em tecido de algod\u00e3o claros e escuros<\/strong><\/p>\n<blockquote><p>A impress\u00e3o \u00e9 feita em tecidos com o m\u00ednimo de 50% algod\u00e3o, podendo imprimir em tecidos finos como a malha de algod\u00e3o ou mais grossos como a sarja e o jeans entre outros com a mesma qualidade e fidelidade de cores e defini\u00e7\u00e3o de imagem.<br \/>\nImprime em tecidos de qualquer cor com a garantia de visibilidade dos impressos com tintas de alt\u00edssima qualidade<strong>.<br \/>\n<\/strong>Para tecidos escuros \u00e9 criada uma base com tinta branca dando um ar emborrachado e tecidos claros tem a op\u00e7\u00e3o da impress\u00e3o com toque zero, parecendo n\u00e3o haver tingido o tecido, mas com total fidelidade de cores e defini\u00e7\u00e3o de imagem.<\/p><\/blockquote>\n\r\n\t\t<\/div> <!-- .et_pb_text -->\r\n\t\t<\/div> <!-- .et_pb_column -->\r\n\t\t<\/div> <!-- .et_pb_row -->\r\n\t\t\t\r\n\t\t<\/div> <!-- .et_pb_section --><div class=\"et_pb_section et_section_regular\" style='background-color:#ceb7e2;'>\r\n\t\t\t\r\n\t\t\t\r\n\t\t\t\t\r\n\t\t\t\t<div class=\"et_pb_row\">\r\n\t\t\t<div class=\"et_pb_column et_pb_column_1_3\">\r\n\t\t\t<div class=\"et_pb_text et_pb_bg_layout_light et_pb_text_align_left\">\r\n\t\t\t\n<p><strong><span style=\"color: #ffffff;\">Sem limite de cores<\/span>&nbsp;<\/strong><\/p>\n<blockquote>\n<p style=\"text-align: justify;\">A serigrafia digital n\u00e3o depende de fotolitos ou telas para cada cor, a impress\u00e3o \u00e9 feita com tinta de serigrafia certificada internacionalmente diretamente na impressora, garantindo total fidelidade de cores sombras e degrades da sua arte.<\/p>\n<\/blockquote>\n\r\n\t\t<\/div> <!-- .et_pb_text -->\r\n\t\t<\/div> <!-- .et_pb_column --><div class=\"et_pb_column et_pb_column_1_3\">\r\n\t\t\t<div class=\"et_pb_text et_pb_bg_layout_light et_pb_text_align_left\">\r\n\t\t\t\n<p><span style=\"color: #ffffff;\"><strong>Impress\u00e3o com tinta branca<\/strong><\/span><\/p>\n<blockquote>\n<p style=\"text-align: justify;\">A impress\u00e3o com tinta branca \u00e9 feita normalmente em tecidos escuros ou pretos, dando um aspecto emborrachado \u00e0 impress\u00e3o, mas esta mesma t\u00e9cnica pode ser usada em tecidos claros.<\/p>\n<p style=\"text-align: justify;\">\n<\/blockquote>\n\r\n\t\t<\/div> <!-- .et_pb_text -->\r\n\t\t<\/div> <!-- .et_pb_column --><div class=\"et_pb_column et_pb_column_1_3\">\r\n\t\t\t<div class=\"et_pb_testimonial et_pb_testimonial_no_image et_pb_bg_layout_light et_pb_text_align_left clearfix\" style=\"background-color: #f5f5f5;\">\r\n\t\t\t\r\n\t\t\t<div class=\"et_pb_testimonial_description\">\r\n\t\t\t\t\n<p><strong>King&#8217;s Vibe<\/strong><br \/>\n<small>Serig<\/small>rafia Digital<br \/>\nem tecidos.<\/p>\n\r\n\t\t\t\t<strong class=\"et_pb_testimonial_author\"><\/strong>\r\n\t\t\t\t<p class=\"et_pb_testimonial_meta\">Obrigado pela visita!<\/p>\r\n\t\t\t<\/div> <!-- .et_pb_testimonial_description -->\r\n\t\t<\/div> <!-- .et_pb_testimonial -->\r\n\t\t<\/div> <!-- .et_pb_column -->\r\n\t\t<\/div> <!-- .et_pb_row -->\r\n\t\t\t\r\n\t\t<\/div> <!-- .et_pb_section --><\/p>\n","protected":false},"excerpt":{"rendered":"","protected":false},"author":1,"featured_media":0,"parent":0,"menu_order":0,"comment_status":"closed","ping_status":"closed","template":"","meta":[],"_links":{"self":[{"href":"http:\/\/kingsvibe.com.br\/site\/wp-json\/wp\/v2\/pages\/43"}],"collection":[{"href":"http:\/\/kingsvibe.com.br\/site\/wp-json\/wp\/v2\/pages"}],"about":[{"href":"http:\/\/kingsvibe.com.br\/site\/wp-json\/wp\/v2\/types\/page"}],"author":[{"embeddable":true,"href":"http:\/\/kingsvibe.com.br\/site\/wp-json\/wp\/v2\/users\/1"}],"replies":[{"embeddable":true,"href":"http:\/\/kingsvibe.com.br\/site\/wp-json\/wp\/v2\/comments?post=43"}],"version-history":[{"count":62,"href":"http:\/\/kingsvibe.com.br\/site\/wp-json\/wp\/v2\/pages\/43\/revisions"}],"predecessor-version":[{"id":513,"href":"http:\/\/kingsvibe.com.br\/site\/wp-json\/wp\/v2\/pages\/43\/revisions\/513"}],"wp:attachment":[{"href":"http:\/\/kingsvibe.com.br\/site\/wp-json\/wp\/v2\/media?parent=43"}],"curies":[{"name":"wp","href":"https:\/\/api.w.org\/{rel}","templated":true}]}}